{"id":4694,"date":"2023-09-01T05:41:11","date_gmt":"2023-09-01T05:41:11","guid":{"rendered":"https:\/\/scubasur.net\/courses\/speciality-courses\/underwater-navigator\/"},"modified":"2025-05-24T20:05:46","modified_gmt":"2025-05-24T20:05:46","slug":"cours-padi-underwater-navigator","status":"publish","type":"page","link":"https:\/\/scubasur.net\/fr\/apprendre-a-plonger-avec-des-cours-pdi\/cours-padi-underwater-navigator\/","title":{"rendered":"PADI Underwater Navigator (FR)"},"content":{"rendered":"<h2>Sache o\u00f9 tu vas !<\/h2>\n<h4><img decoding=\"async\" class=\"alignnone wp-image-19866 lazyload\" data-src=\"https:\/\/scubasur.net\/wp-content\/uploads\/2018\/12\/PADI-NAV.jpg\" alt=\"cours PADI Underwater Navigator - Sache o\u00f9 tu vas !\" width=\"361\" height=\"170\" data-srcset=\"https:\/\/scubasur.net\/wp-content\/uploads\/2018\/12\/PADI-NAV.jpg 1873w, https:\/\/scubasur.net\/wp-content\/uploads\/2018\/12\/PADI-NAV-600x283.jpg 600w\" data-sizes=\"(max-width: 361px) 100vw, 361px\" src=\"data:image\/svg+xml;base64,PHN2ZyB3aWR0aD0iMSIgaGVpZ2h0PSIxIiB4bWxucz0iaHR0cDovL3d3dy53My5vcmcvMjAwMC9zdmciPjwvc3ZnPg==\" style=\"--smush-placeholder-width: 361px; --smush-placeholder-aspect-ratio: 361\/170;\" \/><\/h4>\n<p>Le cours PADI Underwater Navigator affine vos comp\u00e9tences d&rsquo;observation et vous apprend \u00e0 utiliser avec plus de pr\u00e9cision votre boussole sous l&rsquo;eau. Si vous aimez les d\u00e9fis avec de grosses r\u00e9compenses, suivez ce cours et amusez-vous \u00e0 trouver votre chemin. Vous serez le plongeur que tout le monde veut suivre car vous savez o\u00f9 vous \u00eates et o\u00f9 vous allez.<\/p>\n<h3>La formation<\/h3>\n<p>Vous devez commencer par la th\u00e9orie en ligne, que vous faites \u00e0 votre rythme en utilisant l&rsquo;application PADI. Vous pouvez le faire \u00e0 la maison, vous n\u2019avez donc pas besoin d\u2019\u00e9tudier pendant les vacances. J&rsquo;ai rat\u00e9 cette opportunit\u00e9, pas de soucis ! Vous pouvez toujours suivre la th\u00e9orie sur votre appareil mobile tout en profitant de notre climat agr\u00e9able de vacances.<\/p>\n<p>Vous apprendrez les outils du m\u00e9tier, y compris la navigation \u00e0 l\u2019aide d\u2019indices naturels et en suivant les caps de la boussole. Au cours de trois plong\u00e9es sous-marines, vous pratiquerez :<\/p>\n<ul>\n<li>M\u00e9thodes pour estimer la distance sous l\u2019eau.<\/li>\n<li>Navigation au compas en effectuant au moins cinq tours.<\/li>\n<li>Marquage ou d\u00e9placement d&rsquo;un objet ou d&rsquo;une position immerg\u00e9s depuis la surface.<\/li>\n<li>Cr\u00e9ation de cartes sous-marines.<\/li>\n<\/ul>\n<p>Vous faites 3 plong\u00e9es.<\/p>\n<div class=\"Hidden-Caption\">\n<style>\n\t\t.visually-hidden {<br \/>\t\t\t\tposition: absolute;<br \/>\t\t\t\twidth: 1px;<br \/>\t\t\t\theight: 1px;<br \/>\t\t\t\tmargin: -1px;<br \/>\t\t\t\tpadding: 0;<br \/>\t\t\t\toverflow: hidden;<br \/>\t\t\t\tclip: rect(0, 0, 0, 0);<br \/>\t\t\t\tborder: 0;<br \/>\t\t  }<br \/>\t\t<\/style>\n<table style=\"border: 1px solid black; width: 100%; height: 130px;\">\n<caption class=\"visually-hidden\">What to do when you are in a hurry<\/caption>\n<tbody>\n<tr style=\"height: 130px;\">\n<td style=\"width: 100%; height: 130px;\">\n<h3>Attention, si vous \u00eates press\u00e9<\/h3>\n<p>Comme nous adaptons notre emploi du temps \u00e0 la disponibilit\u00e9 de vos vacances, nous avons une planification tr\u00e8s flexible. Par cons\u00e9quent, nous n&rsquo;autorisons pas les r\u00e9servations \u00e0 court terme (\u00e0 commencer dans les prochains jours) <strong>en ligne<\/strong>. Si vous avez une question concernant un d\u00e9part dans les prochains jours, nous vous invitons \u00e0 nous <a href=\"https:\/\/scubasur.net\/fr\/contacte-route-le-bus-voiture\/\">contacter pour conna\u00eetre les disponibilit\u00e9s<\/a>. Vous pouvez \u00e9galement nous joindre <a href=\"https:\/\/wa.me\/34695500827\">via WhatsApp<\/a><span style=\"font-family: inherit; font-size: inherit;\">.<\/span><\/td>\n<\/tr>\n<\/tbody>\n<\/table>\n<\/div>\n<p><a class=\"btn btn-cta btn-inline\" href=\"https:\/\/fareharbor.com\/embeds\/book\/scubasur\/items\/213175\/?full-items=yes&amp;;flow=354083&amp;language=fr&quot;\">R\u00e9servez d\u00e8s maintenant votre cours PADI Underwater Navigator!<\/a><\/p>\n<h4>Veuillez noter que le mat\u00e9riel de formation PADI et la certification ne sont pas inclus.<\/h4>\n","protected":false},"excerpt":{"rendered":"<p>Sache o\u00f9 tu vas ! Le cours PADI Underwater Navigator affine vos comp\u00e9tences d&rsquo;observation et vous apprend \u00e0 utiliser avec plus de pr\u00e9cision votre boussole sous l&rsquo;eau. Si vous aimez les d\u00e9fis avec de grosses r\u00e9compenses, suivez ce cours et amusez-vous \u00e0 trouver votre chemin. Vous serez le plongeur que tout le monde veut suivre [&hellip;]<\/p>\n","protected":false},"author":1,"featured_media":0,"parent":26239,"menu_order":500,"comment_status":"closed","ping_status":"closed","template":"courses.php","meta":{"_monsterinsights_skip_tracking":false,"_monsterinsights_sitenote_active":false,"_monsterinsights_sitenote_note":"","_monsterinsights_sitenote_category":0,"footnotes":""},"class_list":["post-4694","page","type-page","status-publish","hentry"],"acf":[],"yoast_head":"<!-- This site is optimized with the Yoast SEO Premium plugin v27.3 (Yoast SEO v27.4) - https:\/\/yoast.com\/product\/yoast-seo-premium-wordpress\/ -->\n<title>Votre Cours PADI Underwater Navigator<\/title>\n<meta name=\"description\" content=\"Le cours PADI Underwater Navigator t&#039;apprend \u00e0 utiliser la bousolle aussi bien que des el\u00e9ments naturels. Ne te perds plus!\" \/>\n<meta name=\"robots\" content=\"index, follow, max-snippet:-1, max-image-preview:large, max-video-preview:-1\" \/>\n<link rel=\"canonical\" href=\"https:\/\/scubasur.net\/fr\/apprendre-a-plonger-avec-des-cours-pdi\/cours-padi-underwater-navigator\/\" \/>\n<meta property=\"og:locale\" content=\"fr_FR\" \/>\n<meta property=\"og:type\" content=\"article\" \/>\n<meta property=\"og:title\" content=\"PADI Underwater Navigator (FR)\" \/>\n<meta property=\"og:description\" content=\"Le cours PADI Underwater Navigator affine vos comp\u00e9tences d&#039;observation et vous apprend \u00e0 utiliser avec plus de pr\u00e9cision votre boussole sous l&#039;eau.\" \/>\n<meta property=\"og:url\" content=\"https:\/\/scubasur.net\/fr\/apprendre-a-plonger-avec-des-cours-pdi\/cours-padi-underwater-navigator\/\" \/>\n<meta property=\"og:site_name\" content=\"ScubaSur Scuba Diving Gran Canaria\" \/>\n<meta property=\"article:publisher\" content=\"https:\/\/www.facebook.com\/ScubaSurDiveCenters\/\" \/>\n<meta property=\"article:modified_time\" content=\"2025-05-24T20:05:46+00:00\" \/>\n<meta property=\"og:image\" content=\"https:\/\/scubasur.net\/wp-content\/uploads\/2018\/12\/PADI-NAV.jpg\" \/>\n\t<meta property=\"og:image:width\" content=\"1873\" \/>\n\t<meta property=\"og:image:height\" content=\"882\" \/>\n\t<meta property=\"og:image:type\" content=\"image\/jpeg\" \/>\n<meta name=\"twitter:card\" content=\"summary_large_image\" \/>\n<meta name=\"twitter:description\" content=\"Le cours PADI Underwater Navigator affine vos comp\u00e9tences d&#039;observation et vous apprend \u00e0 utiliser avec plus de pr\u00e9cision votre boussole sous l&#039;eau.\" \/>\n<meta name=\"twitter:site\" content=\"@ScubaSurDiving\" \/>\n<meta name=\"twitter:label1\" content=\"Dur\u00e9e de lecture estim\u00e9e\" \/>\n\t<meta name=\"twitter:data1\" content=\"2 minutes\" \/>\n<script type=\"application\/ld+json\" class=\"yoast-schema-graph\">{\"@context\":\"https:\\\/\\\/schema.org\",\"@graph\":[{\"@type\":\"WebPage\",\"@id\":\"https:\\\/\\\/scubasur.net\\\/fr\\\/apprendre-a-plonger-avec-des-cours-pdi\\\/cours-padi-underwater-navigator\\\/\",\"url\":\"https:\\\/\\\/scubasur.net\\\/fr\\\/apprendre-a-plonger-avec-des-cours-pdi\\\/cours-padi-underwater-navigator\\\/\",\"name\":\"Votre Cours PADI Underwater Navigator\",\"isPartOf\":{\"@id\":\"https:\\\/\\\/scubasur.net\\\/fr\\\/#website\"},\"primaryImageOfPage\":{\"@id\":\"https:\\\/\\\/scubasur.net\\\/fr\\\/apprendre-a-plonger-avec-des-cours-pdi\\\/cours-padi-underwater-navigator\\\/#primaryimage\"},\"image\":{\"@id\":\"https:\\\/\\\/scubasur.net\\\/fr\\\/apprendre-a-plonger-avec-des-cours-pdi\\\/cours-padi-underwater-navigator\\\/#primaryimage\"},\"thumbnailUrl\":\"https:\\\/\\\/scubasur.net\\\/wp-content\\\/uploads\\\/2018\\\/12\\\/PADI-NAV.jpg\",\"datePublished\":\"2023-09-01T05:41:11+00:00\",\"dateModified\":\"2025-05-24T20:05:46+00:00\",\"description\":\"Le cours PADI Underwater Navigator t'apprend \u00e0 utiliser la bousolle aussi bien que des el\u00e9ments naturels. Ne te perds plus!\",\"breadcrumb\":{\"@id\":\"https:\\\/\\\/scubasur.net\\\/fr\\\/apprendre-a-plonger-avec-des-cours-pdi\\\/cours-padi-underwater-navigator\\\/#breadcrumb\"},\"inLanguage\":\"fr-FR\",\"potentialAction\":[{\"@type\":\"ReadAction\",\"target\":[\"https:\\\/\\\/scubasur.net\\\/fr\\\/apprendre-a-plonger-avec-des-cours-pdi\\\/cours-padi-underwater-navigator\\\/\"]}]},{\"@type\":\"ImageObject\",\"inLanguage\":\"fr-FR\",\"@id\":\"https:\\\/\\\/scubasur.net\\\/fr\\\/apprendre-a-plonger-avec-des-cours-pdi\\\/cours-padi-underwater-navigator\\\/#primaryimage\",\"url\":\"https:\\\/\\\/scubasur.net\\\/wp-content\\\/uploads\\\/2018\\\/12\\\/PADI-NAV.jpg\",\"contentUrl\":\"https:\\\/\\\/scubasur.net\\\/wp-content\\\/uploads\\\/2018\\\/12\\\/PADI-NAV.jpg\"},{\"@type\":\"BreadcrumbList\",\"@id\":\"https:\\\/\\\/scubasur.net\\\/fr\\\/apprendre-a-plonger-avec-des-cours-pdi\\\/cours-padi-underwater-navigator\\\/#breadcrumb\",\"itemListElement\":[{\"@type\":\"ListItem\",\"position\":1,\"name\":\"Home\",\"item\":\"https:\\\/\\\/scubasur.net\\\/fr\\\/\"},{\"@type\":\"ListItem\",\"position\":2,\"name\":\"Apprendre \u00e0 plonger avec PADI\",\"item\":\"https:\\\/\\\/scubasur.net\\\/fr\\\/apprendre-a-plonger-avec-des-cours-pdi\\\/\"},{\"@type\":\"ListItem\",\"position\":3,\"name\":\"PADI Underwater Navigator (FR)\"}]},{\"@type\":\"WebSite\",\"@id\":\"https:\\\/\\\/scubasur.net\\\/fr\\\/#website\",\"url\":\"https:\\\/\\\/scubasur.net\\\/fr\\\/\",\"name\":\"ScubaSur Scuba Diving Gran Canaria\",\"description\":\"\",\"publisher\":{\"@id\":\"https:\\\/\\\/scubasur.net\\\/fr\\\/#organization\"},\"potentialAction\":[{\"@type\":\"SearchAction\",\"target\":{\"@type\":\"EntryPoint\",\"urlTemplate\":\"https:\\\/\\\/scubasur.net\\\/fr\\\/?s={search_term_string}\"},\"query-input\":{\"@type\":\"PropertyValueSpecification\",\"valueRequired\":true,\"valueName\":\"search_term_string\"}}],\"inLanguage\":\"fr-FR\"},{\"@type\":\"Organization\",\"@id\":\"https:\\\/\\\/scubasur.net\\\/fr\\\/#organization\",\"name\":\"Scuba Sur Diving Gran Canaria\",\"alternateName\":\"Scuba Sur\",\"url\":\"https:\\\/\\\/scubasur.net\\\/fr\\\/\",\"logo\":{\"@type\":\"ImageObject\",\"inLanguage\":\"fr-FR\",\"@id\":\"https:\\\/\\\/scubasur.net\\\/fr\\\/#\\\/schema\\\/logo\\\/image\\\/\",\"url\":\"https:\\\/\\\/scubasur.net\\\/wp-content\\\/uploads\\\/2023\\\/10\\\/SS-Logo-Piled-2017.jpg\",\"contentUrl\":\"https:\\\/\\\/scubasur.net\\\/wp-content\\\/uploads\\\/2023\\\/10\\\/SS-Logo-Piled-2017.jpg\",\"width\":2172,\"height\":1848,\"caption\":\"Scuba Sur Diving Gran Canaria\"},\"image\":{\"@id\":\"https:\\\/\\\/scubasur.net\\\/fr\\\/#\\\/schema\\\/logo\\\/image\\\/\"},\"sameAs\":[\"https:\\\/\\\/www.facebook.com\\\/ScubaSurDiveCenters\\\/\",\"https:\\\/\\\/x.com\\\/ScubaSurDiving\",\"https:\\\/\\\/www.instagram.com\\\/scubasur\\\/\"],\"description\":\"Family run dive centre, focussing on teaching in small groups. Also daily boat excursions for certified divers. Fixed staff about 5 FTE's\",\"email\":\"info@scubasur.net\",\"telephone\":\"+34 695 50 08 27\",\"legalName\":\"Scuba Sur SL\",\"foundingDate\":\"1997-11-15\",\"vatID\":\"B35462944\",\"taxID\":\"B35462944\",\"numberOfEmployees\":{\"@type\":\"QuantitativeValue\",\"minValue\":\"1\",\"maxValue\":\"10\"}}]}<\/script>\n<!-- \/ Yoast SEO Premium plugin. -->","yoast_head_json":{"title":"Votre Cours PADI Underwater Navigator","description":"Le cours PADI Underwater Navigator t'apprend \u00e0 utiliser la bousolle aussi bien que des el\u00e9ments naturels. Ne te perds plus!","robots":{"index":"index","follow":"follow","max-snippet":"max-snippet:-1","max-image-preview":"max-image-preview:large","max-video-preview":"max-video-preview:-1"},"canonical":"https:\/\/scubasur.net\/fr\/apprendre-a-plonger-avec-des-cours-pdi\/cours-padi-underwater-navigator\/","og_locale":"fr_FR","og_type":"article","og_title":"PADI Underwater Navigator (FR)","og_description":"Le cours PADI Underwater Navigator affine vos comp\u00e9tences d'observation et vous apprend \u00e0 utiliser avec plus de pr\u00e9cision votre boussole sous l'eau.","og_url":"https:\/\/scubasur.net\/fr\/apprendre-a-plonger-avec-des-cours-pdi\/cours-padi-underwater-navigator\/","og_site_name":"ScubaSur Scuba Diving Gran Canaria","article_publisher":"https:\/\/www.facebook.com\/ScubaSurDiveCenters\/","article_modified_time":"2025-05-24T20:05:46+00:00","og_image":[{"width":1873,"height":882,"url":"https:\/\/scubasur.net\/wp-content\/uploads\/2018\/12\/PADI-NAV.jpg","type":"image\/jpeg"}],"twitter_card":"summary_large_image","twitter_description":"Le cours PADI Underwater Navigator affine vos comp\u00e9tences d'observation et vous apprend \u00e0 utiliser avec plus de pr\u00e9cision votre boussole sous l'eau.","twitter_site":"@ScubaSurDiving","twitter_misc":{"Dur\u00e9e de lecture estim\u00e9e":"2 minutes"},"schema":{"@context":"https:\/\/schema.org","@graph":[{"@type":"WebPage","@id":"https:\/\/scubasur.net\/fr\/apprendre-a-plonger-avec-des-cours-pdi\/cours-padi-underwater-navigator\/","url":"https:\/\/scubasur.net\/fr\/apprendre-a-plonger-avec-des-cours-pdi\/cours-padi-underwater-navigator\/","name":"Votre Cours PADI Underwater Navigator","isPartOf":{"@id":"https:\/\/scubasur.net\/fr\/#website"},"primaryImageOfPage":{"@id":"https:\/\/scubasur.net\/fr\/apprendre-a-plonger-avec-des-cours-pdi\/cours-padi-underwater-navigator\/#primaryimage"},"image":{"@id":"https:\/\/scubasur.net\/fr\/apprendre-a-plonger-avec-des-cours-pdi\/cours-padi-underwater-navigator\/#primaryimage"},"thumbnailUrl":"https:\/\/scubasur.net\/wp-content\/uploads\/2018\/12\/PADI-NAV.jpg","datePublished":"2023-09-01T05:41:11+00:00","dateModified":"2025-05-24T20:05:46+00:00","description":"Le cours PADI Underwater Navigator t'apprend \u00e0 utiliser la bousolle aussi bien que des el\u00e9ments naturels. Ne te perds plus!","breadcrumb":{"@id":"https:\/\/scubasur.net\/fr\/apprendre-a-plonger-avec-des-cours-pdi\/cours-padi-underwater-navigator\/#breadcrumb"},"inLanguage":"fr-FR","potentialAction":[{"@type":"ReadAction","target":["https:\/\/scubasur.net\/fr\/apprendre-a-plonger-avec-des-cours-pdi\/cours-padi-underwater-navigator\/"]}]},{"@type":"ImageObject","inLanguage":"fr-FR","@id":"https:\/\/scubasur.net\/fr\/apprendre-a-plonger-avec-des-cours-pdi\/cours-padi-underwater-navigator\/#primaryimage","url":"https:\/\/scubasur.net\/wp-content\/uploads\/2018\/12\/PADI-NAV.jpg","contentUrl":"https:\/\/scubasur.net\/wp-content\/uploads\/2018\/12\/PADI-NAV.jpg"},{"@type":"BreadcrumbList","@id":"https:\/\/scubasur.net\/fr\/apprendre-a-plonger-avec-des-cours-pdi\/cours-padi-underwater-navigator\/#breadcrumb","itemListElement":[{"@type":"ListItem","position":1,"name":"Home","item":"https:\/\/scubasur.net\/fr\/"},{"@type":"ListItem","position":2,"name":"Apprendre \u00e0 plonger avec PADI","item":"https:\/\/scubasur.net\/fr\/apprendre-a-plonger-avec-des-cours-pdi\/"},{"@type":"ListItem","position":3,"name":"PADI Underwater Navigator (FR)"}]},{"@type":"WebSite","@id":"https:\/\/scubasur.net\/fr\/#website","url":"https:\/\/scubasur.net\/fr\/","name":"ScubaSur Scuba Diving Gran Canaria","description":"","publisher":{"@id":"https:\/\/scubasur.net\/fr\/#organization"},"potentialAction":[{"@type":"SearchAction","target":{"@type":"EntryPoint","urlTemplate":"https:\/\/scubasur.net\/fr\/?s={search_term_string}"},"query-input":{"@type":"PropertyValueSpecification","valueRequired":true,"valueName":"search_term_string"}}],"inLanguage":"fr-FR"},{"@type":"Organization","@id":"https:\/\/scubasur.net\/fr\/#organization","name":"Scuba Sur Diving Gran Canaria","alternateName":"Scuba Sur","url":"https:\/\/scubasur.net\/fr\/","logo":{"@type":"ImageObject","inLanguage":"fr-FR","@id":"https:\/\/scubasur.net\/fr\/#\/schema\/logo\/image\/","url":"https:\/\/scubasur.net\/wp-content\/uploads\/2023\/10\/SS-Logo-Piled-2017.jpg","contentUrl":"https:\/\/scubasur.net\/wp-content\/uploads\/2023\/10\/SS-Logo-Piled-2017.jpg","width":2172,"height":1848,"caption":"Scuba Sur Diving Gran Canaria"},"image":{"@id":"https:\/\/scubasur.net\/fr\/#\/schema\/logo\/image\/"},"sameAs":["https:\/\/www.facebook.com\/ScubaSurDiveCenters\/","https:\/\/x.com\/ScubaSurDiving","https:\/\/www.instagram.com\/scubasur\/"],"description":"Family run dive centre, focussing on teaching in small groups. Also daily boat excursions for certified divers. Fixed staff about 5 FTE's","email":"info@scubasur.net","telephone":"+34 695 50 08 27","legalName":"Scuba Sur SL","foundingDate":"1997-11-15","vatID":"B35462944","taxID":"B35462944","numberOfEmployees":{"@type":"QuantitativeValue","minValue":"1","maxValue":"10"}}]}},"_links":{"self":[{"href":"https:\/\/scubasur.net\/fr\/wp-json\/wp\/v2\/pages\/4694","targetHints":{"allow":["GET"]}}],"collection":[{"href":"https:\/\/scubasur.net\/fr\/wp-json\/wp\/v2\/pages"}],"about":[{"href":"https:\/\/scubasur.net\/fr\/wp-json\/wp\/v2\/types\/page"}],"author":[{"embeddable":true,"href":"https:\/\/scubasur.net\/fr\/wp-json\/wp\/v2\/users\/1"}],"replies":[{"embeddable":true,"href":"https:\/\/scubasur.net\/fr\/wp-json\/wp\/v2\/comments?post=4694"}],"version-history":[{"count":11,"href":"https:\/\/scubasur.net\/fr\/wp-json\/wp\/v2\/pages\/4694\/revisions"}],"predecessor-version":[{"id":29227,"href":"https:\/\/scubasur.net\/fr\/wp-json\/wp\/v2\/pages\/4694\/revisions\/29227"}],"up":[{"embeddable":true,"href":"https:\/\/scubasur.net\/fr\/wp-json\/wp\/v2\/pages\/26239"}],"wp:attachment":[{"href":"https:\/\/scubasur.net\/fr\/wp-json\/wp\/v2\/media?parent=4694"}],"curies":[{"name":"wp","href":"https:\/\/api.w.org\/{rel}","templated":true}]}}